{"id":104,"date":"2022-09-13T11:58:35","date_gmt":"2022-09-13T10:58:35","guid":{"rendered":"http:\/\/pottya.com\/recenzovane-stranky-s-prilezitostnymi-pripojenimi\/"},"modified":"2022-09-13T11:58:35","modified_gmt":"2022-09-13T10:58:35","slug":"recenzovane-stranky-s-prilezitostnymi-pripojenimi","status":"publish","type":"page","link":"https:\/\/pottya.com\/cs\/","title":{"rendered":"Recenzovan\u00e9 str\u00e1nky s p\u0159\u00edle\u017eitostn\u00fdmi p\u0159ipojen\u00edmi"},"content":{"rendered":"<p>P\u0159\u00edle\u017eitostn\u00e9 rand\u011bn\u00ed je obl\u00edbenou volbou pro nezadan\u00e9, kte\u0159\u00ed d\u00e1vaj\u00ed p\u0159ednost tomu, aby se s n\u011bk\u00fdm setkali p\u0159\u00edle\u017eitostn\u011b, ne\u017e aby \u0161li do vztahu hned. P\u0159\u00edle\u017eitostn\u00e9 seznamovac\u00ed str\u00e1nky nab\u00edzej\u00ed pohodlnou alternativu k tradi\u010dn\u00edm online seznamovac\u00edm slu\u017eb\u00e1m. Tyto str\u00e1nky umo\u017e\u0148uj\u00ed \u010dlen\u016fm proch\u00e1zet profily jin\u00fdch u\u017eivatel\u016f a odes\u00edlat zpr\u00e1vy potenci\u00e1ln\u00edm shod\u00e1m.<\/p>\n<p>Jednou z v\u00fdhod p\u0159\u00edle\u017eitostn\u00e9ho seznamov\u00e1n\u00ed oproti konven\u010dn\u00edmu online seznamov\u00e1n\u00ed je, \u017ee se nemus\u00edte starat o nastaven\u00ed profilu nebo hled\u00e1n\u00ed kompatibiln\u00edch partner\u016f. M\u00edsto toho se jen zaregistrujete a po\u010dk\u00e1te, a\u017e v\u00e1s ostatn\u00ed kontaktuj\u00ed.<\/p>\n<p>Samoz\u0159ejm\u011b, p\u0159\u00edle\u017eitostn\u00e9 datov\u00e1n\u00ed m\u00e1 nev\u00fdhody. Jednou z nejv\u011bt\u0161\u00edch obav je bezpe\u010dnost. Vzhledem k tomu, \u017ee se nesetk\u00e1v\u00e1te tv\u00e1\u0159\u00ed v tv\u00e1\u0159, nev\u00edte o sv\u00e9m partnerovi mnoho, dokud se nerozhodnete romanticky zapojit. Dal\u0161\u00ed nev\u00fdhodou je, \u017ee p\u0159\u00edle\u017eitostn\u00e9 datov\u00e1n\u00ed m\u00e1 tendenci p\u0159itahovat mlad\u0161\u00ed \u010dleny. V d\u016fsledku toho se m\u016f\u017eete ocitnout obklopeni mlad\u00fdmi dosp\u011bl\u00fdmi, kte\u0159\u00ed jsou v \u017eivot\u011b m\u00e9n\u011b zku\u0161en\u00ed.<\/p>\n<p>Pokud jste v\u0161ak ochotni p\u0159ijmout tato rizika, p\u0159\u00edle\u017eitostn\u00e9 datov\u00e1n\u00ed by mohlo b\u00fdt z\u00e1bavn\u00fdm a vzru\u0161uj\u00edc\u00edm z\u00e1\u017eitkem. Nezapome\u0148te b\u00fdt opatrn\u00ed a vybrat si renomovanou slu\u017ebu.<\/p>\n<h2>N\u00e1\u0161 pr\u016fvodce hled\u00e1n\u00edm sexu<\/h2>\n<p>Online p\u0159ipojen\u00ed jsou st\u00e1le popul\u00e1rn\u011bj\u0161\u00ed mezi nezadan\u00fdmi, kte\u0159\u00ed nejsou ochotni se zav\u00e1zat k dlouhodob\u00fdm vztah\u016fm. Zat\u00edmco existuje spousta str\u00e1nek, kter\u00e9 se staraj\u00ed konkr\u00e9tn\u011b o p\u0159\u00edle\u017eitostn\u00e1 setk\u00e1n\u00ed, existuje tak\u00e9 spousta mo\u017enost\u00ed pro ty, kte\u0159\u00ed hledaj\u00ed v\u00edce oddan\u00fd vztah.<\/p>\n<p>Jednou z nejv\u011bt\u0161\u00edch v\u00fdhod online seznamov\u00e1n\u00ed je, \u017ee umo\u017e\u0148uje lidem setkat se s ostatn\u00edmi osobn\u011b, ani\u017e by museli cestovat na velk\u00e9 vzd\u00e1lenosti. Online seznamovac\u00ed str\u00e1nky nab\u00edzej\u00ed \u0161irokou \u0161k\u00e1lu funkc\u00ed, v\u010detn\u011b test\u016f kompatibility, chatovac\u00edch m\u00edstnost\u00ed a v\u00fdv\u011bsek. Ty umo\u017e\u0148uj\u00ed u\u017eivatel\u016fm vz\u00e1jemn\u011b komunikovat a dozv\u011bd\u011bt se v\u00edce o potenci\u00e1ln\u00edch partnerech.<\/p>\n<p>Zat\u00edmco online seznamky jsou pohodln\u00e9, mohou se n\u011bkdy c\u00edtit neosobn\u00ed. Jedn\u00edm z \u0159e\u0161en\u00ed je p\u0159ipojit se k m\u00edstn\u00ed seznamovac\u00ed slu\u017eb\u011b. Mnoho m\u011bst nyn\u00ed host\u00ed akce, kde se jednotlivci mohou m\u00edsit v re\u00e1ln\u00e9m \u017eivot\u011b a spojit se nad n\u00e1poji nebo ve\u010de\u0159\u00ed. N\u011bkter\u00e9 slu\u017eby dokonce zaji\u0161\u0165uj\u00ed dopravu na a z akce.<\/p>\n<p>M\u00edstn\u00ed seznamovac\u00ed str\u00e1nky jsou dal\u0161\u00ed mo\u017enost\u00ed, jak se setkat s lidmi na m\u00edst\u011b. Weby jako MeetUp a Tinder se zam\u011b\u0159uj\u00ed na spojov\u00e1n\u00ed lid\u00ed na z\u00e1klad\u011b z\u00e1jm\u016f sp\u00ed\u0161e ne\u017e um\u00edst\u011bn\u00ed. Ob\u011b tyto platformy umo\u017e\u0148uj\u00ed \u010dlen\u016fm vytv\u00e1\u0159et profily a proch\u00e1zet profily ostatn\u00edch \u010dlen\u016f. U\u017eivatel\u00e9 pak mohou pos\u00edlat zpr\u00e1vy ostatn\u00edm \u010dlen\u016fm, kte\u0159\u00ed sd\u00edlej\u00ed podobn\u00e9 z\u00e1jmy.<\/p>\n<p>Existuje n\u011bkolik v\u00fdhod pro p\u0159ipojen\u00ed k m\u00edstn\u00ed seznamovac\u00ed slu\u017eb\u011b. Za prv\u00e9, d\u00e1v\u00e1 v\u00e1m p\u0159\u00edle\u017eitost setkat se s lidmi tv\u00e1\u0159\u00ed v tv\u00e1\u0159 nam\u00edsto toho, abyste se spol\u00e9hali pouze na technologii. Za druh\u00e9, m\u016f\u017eete vytvo\u0159it smyslupln\u00e9 spojen\u00ed s lidmi, kte\u0159\u00ed sd\u00edlej\u00ed spole\u010dn\u00e9 z\u00e1jmy. Nakonec se m\u016f\u017eete z\u00fa\u010dastnit akc\u00ed ve va\u0161\u00ed oblasti a spojit se s dal\u0161\u00edmi m\u00edstn\u00edmi obyvateli.<\/p>\n<h2>M\u00edstn\u00ed seznamka &#8211; M\u016f\u017eete se skute\u010dn\u011b setkat se skute\u010dn\u00fdmi nezadan\u00fdmi?<\/h2>\n<p>Online seznamovac\u00ed str\u00e1nky jsou st\u00e1le popul\u00e1rn\u011bj\u0161\u00ed mezi nezadan\u00fdmi, kte\u0159\u00ed se cht\u011bj\u00ed setkat s n\u011bk\u00fdm zvl\u00e1\u0161tn\u00edm. Ale jen proto, \u017ee online datov\u00e1n\u00ed roste v popularit\u011b, neznamen\u00e1, \u017ee je snadn\u00e9 usp\u011bt. Na cest\u011b je spousta \u00faskal\u00ed, kter\u00e1 mohou v\u00e9st ke zklam\u00e1n\u00ed a frustraci.<\/p>\n<p>Nap\u0159\u00edklad online seznamky maj\u00ed tendenci p\u0159itahovat r\u016fzn\u00e9 typy lid\u00ed. N\u011bkte\u0159\u00ed hledaj\u00ed dlouhodob\u00e9 vztahy, zat\u00edmco jin\u00ed hledaj\u00ed jen p\u0159\u00edle\u017eitostn\u00e9 p\u0159ipojen\u00ed. Tak\u017ee, pokud hled\u00e1te l\u00e1sku, mo\u017en\u00e1 budete cht\u00edt vyzkou\u0161et str\u00e1nky zam\u011b\u0159en\u00e9 na hled\u00e1n\u00ed romantiky nam\u00edsto setk\u00e1n\u00ed s ciz\u00edmi lidmi.<\/p>\n<p>Tak\u00e9 nezapome\u0148te, \u017ee online seznamovac\u00ed str\u00e1nky nejsou v\u017edy nejjednodu\u0161\u0161\u00edm m\u00edstem, kde se m\u016f\u017eete setkat s potenci\u00e1ln\u00edmi daty. Lid\u00e9 jsou zanepr\u00e1zdn\u011bni a n\u011bkdy se jim nechce chodit do bar\u016f nebo klub\u016f. Online seznamovac\u00ed str\u00e1nky poskytuj\u00ed pohodlnou alternativu.<\/p>\n<p>Ale ani online seznamky nejsou dokonal\u00e9. Mnoho lid\u00ed si st\u011b\u017euje, \u017ee dost\u00e1vaj\u00ed nevy\u017e\u00e1dan\u00e9 zpr\u00e1vy a spamov\u00e9 e-maily. Jin\u00ed \u0159\u00edkaj\u00ed, \u017ee se po odesl\u00e1n\u00ed zpr\u00e1vy nikdy neozvou. A n\u011bkte\u0159\u00ed lid\u00e9 hl\u00e1s\u00ed, \u017ee maj\u00ed pot\u00ed\u017ee s navigac\u00ed v rozhran\u00ed webu.<\/p>\n<h2>Jak vybrat spr\u00e1vnou platformu<\/h2>\n<p>Online seznamovac\u00ed str\u00e1nky jsou st\u00e1le popul\u00e1rn\u011bj\u0161\u00ed mezi nezadan\u00fdmi, kte\u0159\u00ed se cht\u011bj\u00ed setkat s n\u011bk\u00fdm zvl\u00e1\u0161tn\u00edm. Zat\u00edmco online datov\u00e1n\u00ed m\u016f\u017ee b\u00fdt z\u00e1bavn\u00e9, m\u016f\u017ee b\u00fdt tak\u00e9 obt\u00ed\u017en\u00e9 se v n\u011bm orientovat. K dispozici je spousta r\u016fzn\u00fdch mo\u017enost\u00ed a v\u00fdb\u011br toho spr\u00e1vn\u00e9ho m\u016f\u017ee b\u00fdt ohromuj\u00edc\u00ed.<\/p>\n<p>Abychom v\u00e1m pomohli vybrat spr\u00e1vnou platformu, zde je p\u011bt tip\u016f, kter\u00e9 je t\u0159eba zv\u00e1\u017eit p\u0159i rozhodov\u00e1n\u00ed, zda vyzkou\u0161et online datov\u00e1n\u00ed nebo ne.<\/p>\n<h3>1. D\u00e1v\u00e1te p\u0159ednost osobn\u00edm rozhovor\u016fm?<\/h3>\n<p>N\u011bkte\u0159\u00ed lid\u00e9 se r\u00e1di setk\u00e1vaj\u00ed s potenci\u00e1ln\u00edmi daty osobn\u011b, zat\u00edmco jin\u00ed d\u00e1vaj\u00ed p\u0159ednost komunikaci prost\u0159ednictv\u00edm textov\u00e9 zpr\u00e1vy nebo chatu. Pokud d\u00e1v\u00e1te p\u0159ednost osobn\u00edmu setk\u00e1n\u00ed s lidmi, mo\u017en\u00e1 se budete cht\u00edt pod\u00edvat na m\u00edstn\u00ed ud\u00e1losti nebo skupiny speed dating.<\/p>\n<h3>2. Jste otev\u0159eni pozn\u00e1v\u00e1n\u00ed nov\u00fdch lid\u00ed?<\/h3>\n<p>M\u016f\u017ee b\u00fdt zastra\u0161uj\u00edc\u00ed oslovit cizince a p\u0159edstavit se, zvl\u00e1\u0161t\u011b pokud jste to je\u0161t\u011b neud\u011blali. Online seznamovac\u00ed platformy v\u00e1m umo\u017en\u00ed spojit se s lidmi na z\u00e1klad\u011b spole\u010dn\u00fdch z\u00e1jm\u016f, sp\u00ed\u0161e ne\u017e jen fyzick\u00e9ho vzhledu.<\/p>\n<h3>3. Kolik m\u00e1te \u010dasu?<\/h3>\n<p>Pokud m\u00e1te omezen\u00fd \u010das, pak online datov\u00e1n\u00ed by mohlo b\u00fdt dobrou volbou pro v\u00e1s. Mnoho platforem nab\u00edz\u00ed rychl\u00e9 shody, co\u017e znamen\u00e1, \u017ee m\u016f\u017eete proch\u00e1zet profily a odes\u00edlat zpr\u00e1vy b\u011bhem n\u011bkolika minut.<\/p>\n<h3>4. Jak\u00fd druh vztahu hled\u00e1te?<\/h3>\n<p>Existuje n\u011bkolik typ\u016f vztah\u016f, kter\u00e9 lid\u00e9 sleduj\u00ed prost\u0159ednictv\u00edm online datov\u00e1n\u00ed. N\u011bkte\u0159\u00ed lid\u00e9 hledaj\u00ed p\u0159\u00edle\u017eitostn\u00e9 flirty, zat\u00edmco jin\u00ed se zaj\u00edmaj\u00ed o dlouhodob\u00e9 vztahy. Ne\u017e se zaregistrujete na platformu, zjist\u011bte, jak\u00fd typ vztahu chcete.<\/p>\n<h3>5. Je pro v\u00e1s soukrom\u00ed d\u016fle\u017eit\u00e9?<\/h3>\n<p>Mnoho lid\u00ed se ob\u00e1v\u00e1 sd\u00edlen\u00ed osobn\u00edch \u00fadaj\u016f na ve\u0159ejn\u00fdch platform\u00e1ch, ale online datov\u00e1n\u00ed v\u00e1m umo\u017en\u00ed z\u016fstat v anonymit\u011b. St\u00e1le se v\u0161ak mus\u00edte rozhodnout, zda byste se c\u00edtili pohodln\u011b p\u0159i odhalov\u00e1n\u00ed ur\u010dit\u00fdch podrobnost\u00ed o sob\u011b.<\/p>\n","protected":false},"excerpt":{"rendered":"<p>P\u0159\u00edle\u017eitostn\u00e9 rand\u011bn\u00ed je obl\u00edbenou volbou pro nezadan\u00e9, kte\u0159\u00ed d\u00e1vaj\u00ed p\u0159ednost tomu, aby se s n\u011bk\u00fdm setkali p\u0159\u00edle\u017eitostn\u011b, ne\u017e aby \u0161li do vztahu hned. P\u0159\u00edle\u017eitostn\u00e9 seznamovac\u00ed str\u00e1nky nab\u00edzej\u00ed pohodlnou alternativu k tradi\u010dn\u00edm online seznamovac\u00edm slu\u017eb\u00e1m. Tyto str\u00e1nky umo\u017e\u0148uj\u00ed \u010dlen\u016fm proch\u00e1zet profily jin\u00fdch u\u017eivatel\u016f a odes\u00edlat zpr\u00e1vy potenci\u00e1ln\u00edm shod\u00e1m. Jednou z v\u00fdhod p\u0159\u00edle\u017eitostn\u00e9ho seznamov\u00e1n\u00ed oproti konven\u010dn\u00edmu online seznamov\u00e1n\u00ed je, \u017ee se nemus\u00edte starat o nastaven\u00ed profilu nebo hled\u00e1n\u00ed kompatibiln\u00edch partner\u016f. M\u00edsto toho se jen zaregistrujete a po\u010dk\u00e1te, a\u017e v\u00e1s ostatn\u00ed kontaktuj\u00ed. Samoz\u0159ejm\u011b,&#8230;<\/p>\n<p class=\"read-more\"><a class=\"btn btn-default\" href=\"https:\/\/pottya.com\/cs\/\"> Read More<span class=\"screen-reader-text\">  Read More<\/span><\/a><\/p>\n","protected":false},"author":1,"featured_media":51,"parent":0,"menu_order":0,"comment_status":"closed","ping_status":"closed","template":"","meta":[],"yoast_head":"<!-- This site is optimized with the Yoast SEO plugin v17.7.1 - https:\/\/yoast.com\/wordpress\/plugins\/seo\/ -->\n<title>Recenzovan\u00e9 str\u00e1nky s p\u0159\u00edle\u017eitostn\u00fdmi p\u0159ipojen\u00edmi - Casual Dating Finder<\/title>\n<meta name=\"robots\" content=\"index, follow, max-snippet:-1, max-image-preview:large, max-video-preview:-1\" \/>\n<link rel=\"canonical\" href=\"https:\/\/pottya.com\/cs\/\" \/>\n<meta property=\"og:locale\" content=\"cs_CZ\" \/>\n<meta property=\"og:type\" content=\"article\" \/>\n<meta property=\"og:title\" content=\"Recenzovan\u00e9 str\u00e1nky s p\u0159\u00edle\u017eitostn\u00fdmi p\u0159ipojen\u00edmi - Casual Dating Finder\" \/>\n<meta property=\"og:description\" content=\"P\u0159\u00edle\u017eitostn\u00e9 rand\u011bn\u00ed je obl\u00edbenou volbou pro nezadan\u00e9, kte\u0159\u00ed d\u00e1vaj\u00ed p\u0159ednost tomu, aby se s n\u011bk\u00fdm setkali p\u0159\u00edle\u017eitostn\u011b, ne\u017e aby \u0161li do vztahu hned. P\u0159\u00edle\u017eitostn\u00e9 seznamovac\u00ed str\u00e1nky nab\u00edzej\u00ed pohodlnou alternativu k tradi\u010dn\u00edm online seznamovac\u00edm slu\u017eb\u00e1m. Tyto str\u00e1nky umo\u017e\u0148uj\u00ed \u010dlen\u016fm proch\u00e1zet profily jin\u00fdch u\u017eivatel\u016f a odes\u00edlat zpr\u00e1vy potenci\u00e1ln\u00edm shod\u00e1m. Jednou z v\u00fdhod p\u0159\u00edle\u017eitostn\u00e9ho seznamov\u00e1n\u00ed oproti konven\u010dn\u00edmu online seznamov\u00e1n\u00ed je, \u017ee se nemus\u00edte starat o nastaven\u00ed profilu nebo hled\u00e1n\u00ed kompatibiln\u00edch partner\u016f. M\u00edsto toho se jen zaregistrujete a po\u010dk\u00e1te, a\u017e v\u00e1s ostatn\u00ed kontaktuj\u00ed. Samoz\u0159ejm\u011b,... Read More Read More\" \/>\n<meta property=\"og:url\" content=\"https:\/\/pottya.com\/cs\/\" \/>\n<meta property=\"og:site_name\" content=\"Casual Dating Finder\" \/>\n<meta property=\"og:image\" content=\"http:\/\/pottya.com\/wp-content\/uploads\/2022\/09\/find-dates-in-your-area.jpeg\" \/>\n\t<meta property=\"og:image:width\" content=\"1125\" \/>\n\t<meta property=\"og:image:height\" content=\"750\" \/>\n<meta name=\"twitter:card\" content=\"summary_large_image\" \/>\n<meta name=\"twitter:label1\" content=\"Odhadovan\u00e1 doba \u010dten\u00ed\" \/>\n\t<meta name=\"twitter:data1\" content=\"6 minut\" \/>\n<script type=\"application\/ld+json\" class=\"yoast-schema-graph\">{\"@context\":\"https:\/\/schema.org\",\"@graph\":[{\"@type\":\"WebSite\",\"@id\":\"https:\/\/pottya.com\/#website\",\"url\":\"https:\/\/pottya.com\/\",\"name\":\"Casual Dating Finder\",\"description\":\"P\\u0159ipojen\\u00ed online\",\"potentialAction\":[{\"@type\":\"SearchAction\",\"target\":{\"@type\":\"EntryPoint\",\"urlTemplate\":\"https:\/\/pottya.com\/?s={search_term_string}\"},\"query-input\":\"required name=search_term_string\"}],\"inLanguage\":\"cs\"},{\"@type\":\"ImageObject\",\"@id\":\"https:\/\/pottya.com\/cs\/#primaryimage\",\"inLanguage\":\"cs\",\"url\":\"https:\/\/pottya.com\/wp-content\/uploads\/2022\/09\/find-dates-in-your-area.jpeg\",\"contentUrl\":\"https:\/\/pottya.com\/wp-content\/uploads\/2022\/09\/find-dates-in-your-area.jpeg\",\"width\":1125,\"height\":750},{\"@type\":\"WebPage\",\"@id\":\"https:\/\/pottya.com\/cs\/#webpage\",\"url\":\"https:\/\/pottya.com\/cs\/\",\"name\":\"Recenzovan\\u00e9 str\\u00e1nky s p\\u0159\\u00edle\\u017eitostn\\u00fdmi p\\u0159ipojen\\u00edmi - Casual Dating Finder\",\"isPartOf\":{\"@id\":\"https:\/\/pottya.com\/#website\"},\"primaryImageOfPage\":{\"@id\":\"https:\/\/pottya.com\/cs\/#primaryimage\"},\"datePublished\":\"2022-09-13T10:58:35+00:00\",\"dateModified\":\"2022-09-13T10:58:35+00:00\",\"breadcrumb\":{\"@id\":\"https:\/\/pottya.com\/cs\/#breadcrumb\"},\"inLanguage\":\"cs\",\"potentialAction\":[{\"@type\":\"ReadAction\",\"target\":[\"https:\/\/pottya.com\/cs\/\"]}]},{\"@type\":\"BreadcrumbList\",\"@id\":\"https:\/\/pottya.com\/cs\/#breadcrumb\",\"itemListElement\":[{\"@type\":\"ListItem\",\"position\":1,\"name\":\"Home\",\"item\":\"http:\/\/pottya.com\/cs\/\"},{\"@type\":\"ListItem\",\"position\":2,\"name\":\"Recenzovan\\u00e9 str\\u00e1nky s p\\u0159\\u00edle\\u017eitostn\\u00fdmi p\\u0159ipojen\\u00edmi\"}]}]}<\/script>\n<!-- \/ Yoast SEO plugin. -->","yoast_head_json":{"title":"Recenzovan\u00e9 str\u00e1nky s p\u0159\u00edle\u017eitostn\u00fdmi p\u0159ipojen\u00edmi - Casual Dating Finder","robots":{"index":"index","follow":"follow","max-snippet":"max-snippet:-1","max-image-preview":"max-image-preview:large","max-video-preview":"max-video-preview:-1"},"canonical":"https:\/\/pottya.com\/cs\/","og_locale":"cs_CZ","og_type":"article","og_title":"Recenzovan\u00e9 str\u00e1nky s p\u0159\u00edle\u017eitostn\u00fdmi p\u0159ipojen\u00edmi - Casual Dating Finder","og_description":"P\u0159\u00edle\u017eitostn\u00e9 rand\u011bn\u00ed je obl\u00edbenou volbou pro nezadan\u00e9, kte\u0159\u00ed d\u00e1vaj\u00ed p\u0159ednost tomu, aby se s n\u011bk\u00fdm setkali p\u0159\u00edle\u017eitostn\u011b, ne\u017e aby \u0161li do vztahu hned. P\u0159\u00edle\u017eitostn\u00e9 seznamovac\u00ed str\u00e1nky nab\u00edzej\u00ed pohodlnou alternativu k tradi\u010dn\u00edm online seznamovac\u00edm slu\u017eb\u00e1m. Tyto str\u00e1nky umo\u017e\u0148uj\u00ed \u010dlen\u016fm proch\u00e1zet profily jin\u00fdch u\u017eivatel\u016f a odes\u00edlat zpr\u00e1vy potenci\u00e1ln\u00edm shod\u00e1m. Jednou z v\u00fdhod p\u0159\u00edle\u017eitostn\u00e9ho seznamov\u00e1n\u00ed oproti konven\u010dn\u00edmu online seznamov\u00e1n\u00ed je, \u017ee se nemus\u00edte starat o nastaven\u00ed profilu nebo hled\u00e1n\u00ed kompatibiln\u00edch partner\u016f. M\u00edsto toho se jen zaregistrujete a po\u010dk\u00e1te, a\u017e v\u00e1s ostatn\u00ed kontaktuj\u00ed. Samoz\u0159ejm\u011b,... Read More Read More","og_url":"https:\/\/pottya.com\/cs\/","og_site_name":"Casual Dating Finder","og_image":[{"width":1125,"height":750,"url":"http:\/\/pottya.com\/wp-content\/uploads\/2022\/09\/find-dates-in-your-area.jpeg","type":"image\/jpeg"}],"twitter_card":"summary_large_image","twitter_misc":{"Odhadovan\u00e1 doba \u010dten\u00ed":"6 minut"},"schema":{"@context":"https:\/\/schema.org","@graph":[{"@type":"WebSite","@id":"https:\/\/pottya.com\/#website","url":"https:\/\/pottya.com\/","name":"Casual Dating Finder","description":"P\u0159ipojen\u00ed online","potentialAction":[{"@type":"SearchAction","target":{"@type":"EntryPoint","urlTemplate":"https:\/\/pottya.com\/?s={search_term_string}"},"query-input":"required name=search_term_string"}],"inLanguage":"cs"},{"@type":"ImageObject","@id":"https:\/\/pottya.com\/cs\/#primaryimage","inLanguage":"cs","url":"https:\/\/pottya.com\/wp-content\/uploads\/2022\/09\/find-dates-in-your-area.jpeg","contentUrl":"https:\/\/pottya.com\/wp-content\/uploads\/2022\/09\/find-dates-in-your-area.jpeg","width":1125,"height":750},{"@type":"WebPage","@id":"https:\/\/pottya.com\/cs\/#webpage","url":"https:\/\/pottya.com\/cs\/","name":"Recenzovan\u00e9 str\u00e1nky s p\u0159\u00edle\u017eitostn\u00fdmi p\u0159ipojen\u00edmi - Casual Dating Finder","isPartOf":{"@id":"https:\/\/pottya.com\/#website"},"primaryImageOfPage":{"@id":"https:\/\/pottya.com\/cs\/#primaryimage"},"datePublished":"2022-09-13T10:58:35+00:00","dateModified":"2022-09-13T10:58:35+00:00","breadcrumb":{"@id":"https:\/\/pottya.com\/cs\/#breadcrumb"},"inLanguage":"cs","potentialAction":[{"@type":"ReadAction","target":["https:\/\/pottya.com\/cs\/"]}]},{"@type":"BreadcrumbList","@id":"https:\/\/pottya.com\/cs\/#breadcrumb","itemListElement":[{"@type":"ListItem","position":1,"name":"Home","item":"http:\/\/pottya.com\/cs\/"},{"@type":"ListItem","position":2,"name":"Recenzovan\u00e9 str\u00e1nky s p\u0159\u00edle\u017eitostn\u00fdmi p\u0159ipojen\u00edmi"}]}]}},"_links":{"self":[{"href":"https:\/\/pottya.com\/cs\/wp-json\/wp\/v2\/pages\/104"}],"collection":[{"href":"https:\/\/pottya.com\/cs\/wp-json\/wp\/v2\/pages"}],"about":[{"href":"https:\/\/pottya.com\/cs\/wp-json\/wp\/v2\/types\/page"}],"author":[{"embeddable":true,"href":"https:\/\/pottya.com\/cs\/wp-json\/wp\/v2\/users\/1"}],"replies":[{"embeddable":true,"href":"https:\/\/pottya.com\/cs\/wp-json\/wp\/v2\/comments?post=104"}],"version-history":[{"count":0,"href":"https:\/\/pottya.com\/cs\/wp-json\/wp\/v2\/pages\/104\/revisions"}],"wp:featuredmedia":[{"embeddable":true,"href":"https:\/\/pottya.com\/cs\/wp-json\/wp\/v2\/media\/51"}],"wp:attachment":[{"href":"https:\/\/pottya.com\/cs\/wp-json\/wp\/v2\/media?parent=104"}],"curies":[{"name":"wp","href":"https:\/\/api.w.org\/{rel}","templated":true}]}}