{"id":107,"date":"2022-09-13T11:58:35","date_gmt":"2022-09-13T10:58:35","guid":{"rendered":"http:\/\/pottya.com\/pregledane-su-web-stranice-za-povremeno-spajanje\/"},"modified":"2022-09-13T11:58:35","modified_gmt":"2022-09-13T10:58:35","slug":"pregledane-su-web-stranice-za-povremeno-spajanje","status":"publish","type":"page","link":"https:\/\/pottya.com\/hr\/","title":{"rendered":"Pregledane su web stranice za povremeno spajanje"},"content":{"rendered":"<p>Casual dating popularna je opcija za samce koji radije upoznaju nekoga le\u017eerno, a ne odmah ulaze u vezu. Povremene web stranice za upoznavanje nude prikladnu alternativu tradicionalnim uslugama internetskog upoznavanja. Ta web-mjesta \u010dlanovima omogu\u0107uju pregledavanje profila drugih korisnika i slanje poruka potencijalnim podudaranjima.<\/p>\n<p>Jedna od prednosti povremenih spojeva u odnosu na konvencionalne internetske spojeve je ta \u0161to ne morate brinuti o postavljanju profila ili tra\u017eenju kompatibilnih partnera. Umjesto toga, samo se prijavite i pri\u010dekajte da vas drugi kontaktiraju.<\/p>\n<p>Naravno, povremeni izlasci imaju nedostatke. Jedna od najve\u0107ih briga je sigurnost. Budu\u0107i da se ne susre\u0107ete licem u lice, ne znate puno o svom partneru dok se ne odlu\u010dite romanti\u010dno povezati. Jo\u0161 jedan nedostatak je da le\u017eerni spojevi obi\u010dno privla\u010de mla\u0111e \u010dlanove. Kao rezultat toga, mo\u017eda \u0107ete se na\u0107i okru\u017eeni mladim odraslim osobama koje su manje iskusne u \u017eivotu.<\/p>\n<p>Me\u0111utim, ako ste spremni prihvatiti ove rizike, povremeni izlasci mogli bi biti zabavno i uzbudljivo iskustvo. Samo ne zaboravite biti oprezni i odabrati uglednu uslugu.<\/p>\n<h2>Na\u0161 vodi\u010d za pronala\u017eenje seksa<\/h2>\n<p>Internetske veze postaju sve popularnije me\u0111u samcima koji se nisu spremni obvezati na dugoro\u010dne veze. Iako postoji mnogo web lokacija koje posebno zadovoljavaju povremene susrete, na raspolaganju je i mnogo opcija za one koji tra\u017ee posve\u0107eniji odnos.<\/p>\n<p>Jedna od najve\u0107ih prednosti internetskog upoznavanja je ta \u0161to omogu\u0107uje ljudima da osobno upoznaju druge bez potrebe za putovanjem na daljinu. Internetske web stranice za upoznavanje nude \u0161irok raspon zna\u010dajki, uklju\u010duju\u0107i testove kompatibilnosti, chat sobe i oglasne plo\u010de. Oni omogu\u0107uju korisnicima me\u0111usobnu komunikaciju i u\u010denje vi\u0161e o potencijalnim partnerima.<\/p>\n<p>Iako su internetske web stranice za upoznavanje prikladne, ponekad se mogu osje\u0107ati bezli\u010dno. Jedno od rje\u0161enja je pridru\u017eivanje lokalnoj usluzi upoznavanja. Mnogi gradovi sada su doma\u0107ini doga\u0111aja na kojima se samci mogu dru\u017eiti u stvarnom \u017eivotu i povezati se uz pi\u0107e ili ve\u010deru. Neke usluge \u010dak pru\u017eaju prijevoz do i od doga\u0111aja.<\/p>\n<p>Lokalne web stranice za upoznavanje jo\u0161 su jedna mogu\u0107nost za lokalno upoznavanje ljudi. Web stranice poput MeetUp-a i Tindera usredoto\u010duju se na povezivanje ljudi na temelju interesa, a ne lokacije. Obje ove platforme omogu\u0107uju \u010dlanovima stvaranje profila i pregledavanje profila drugih \u010dlanova. Korisnici tada mogu slati poruke drugim \u010dlanovima koji dijele sli\u010dne interese.<\/p>\n<p>Postoji nekoliko prednosti pridru\u017eivanja lokalnoj usluzi upoznavanja. Prvo, to vam daje priliku da upoznate ljude licem u lice umjesto da se oslanjate isklju\u010divo na tehnologiju. Drugo, mo\u017eete izgraditi smislene veze s ljudima koji dijele zajedni\u010dke interese. Kona\u010dno, mo\u017eete prisustvovati doga\u0111ajima u svom podru\u010dju i umre\u017eavati se s drugim mje\u0161tanima.<\/p>\n<h2>Lokalni izlasci &#8211; Mo\u017eete li zapravo upoznati prave samce?<\/h2>\n<p>Internetske stranice za upoznavanje postaju sve popularnije me\u0111u samcima koji \u017eele upoznati nekoga posebnog. Ali samo zato \u0161to online spojevi rastu u popularnosti ne zna\u010di da je lako uspjeti. Na putu ima mnogo zamki koje mogu dovesti do razo\u010daranja i frustracije.<\/p>\n<p>Na primjer, internetske stranice za upoznavanje obi\u010dno privla\u010de razli\u010dite vrste ljudi. Neki tra\u017ee dugoro\u010dne veze, dok drugi samo tra\u017ee povremene veze. Dakle, ako tra\u017eite ljubav, mo\u017eda biste trebali isprobati web mjesto usmjereno na pronala\u017eenje romantike umjesto upoznavanja stranaca.<\/p>\n<p>Tako\u0111er, zapamtite da internetske stranice za upoznavanje nisu uvijek najlak\u0161e mjesto za upoznavanje potencijalnih datuma. Ljudi su zauzeti, a ponekad im se ne da izlaziti u barove ili klubove. Internetske stranice za upoznavanje pru\u017eaju prikladnu alternativu.<\/p>\n<p>Ali, ni internetske stranice za upoznavanje nisu savr\u0161ene. Mnogi se ljudi \u017eale da primaju ne\u017eeljene poruke i ne\u017eeljene e-poruke. Drugi ka\u017eu da im se nikada ne jave nakon \u0161to su poslali poruku. Neki ljudi prijavljuju da imaju problema s navigacijom su\u010deljem web stranice.<\/p>\n<h2>Kako odabrati pravu platformu<\/h2>\n<p>Internetske stranice za upoznavanje postaju sve popularnije me\u0111u samcima koji \u017eele upoznati nekoga posebnog. Iako online dating mo\u017ee biti zabavan, tako\u0111er mo\u017ee biti te\u0161ko kretati se. Dostupno je mnogo razli\u010ditih opcija, a odabir prave mo\u017ee biti neodoljiv.<\/p>\n<p>Da biste lak\u0161e odabrali pravu platformu, evo pet savjeta koje treba razmotriti prilikom odlu\u010divanja o tome \u017eelite li isprobati online upoznavanje ili ne.<\/p>\n<h3>1. Da li vi\u0161e volite razgovarati licem u lice?<\/h3>\n<p>Neki ljudi u\u017eivaju u osobnom susretu s potencijalnim datumima, dok drugi radije komuniciraju putem tekstualne poruke ili chata. Ako vi\u0161e volite osobno upoznavati ljude, mo\u017eda biste trebali pogledati lokalne doga\u0111aje ili grupe za brzo upoznavanje.<\/p>\n<h3>2. Jeste li otvoreni za upoznavanje novih ljudi?<\/h3>\n<p>Mo\u017ee biti zastra\u0161uju\u0107e pri\u0107i strancima i predstaviti se, pogotovo ako to prije niste u\u010dinili. Internetske platforme za upoznavanje omogu\u0107uju vam povezivanje s ljudima na temelju zajedni\u010dkih interesa, a ne samo fizi\u010dkog izgleda.<\/p>\n<h3>3. Koliko vremena imate?<\/h3>\n<p>Ako imate ograni\u010deno vrijeme, onda bi online upoznavanje moglo biti dobra opcija za vas. Mnoge platforme nude brza podudaranja, \u0161to zna\u010di da mo\u017eete pregledavati profile i slati poruke u roku od nekoliko minuta.<\/p>\n<h3>4. Kakav odnos tra\u017eite?<\/h3>\n<p>Postoji nekoliko vrsta odnosa koje ljudi ostvaruju putem internetskih spojeva. Neki ljudi tra\u017ee povremene avanture, dok su drugi zainteresirani za dugoro\u010dne veze. Prije nego \u0161to se prijavite na platformu, shvatite koju vrstu odnosa \u017eelite.<\/p>\n<h3>5. Je li vam privatnost va\u017ena?<\/h3>\n<p>Mnogi ljudi brinu o dijeljenju osobnih podataka na javnim platformama, ali online upoznavanje omogu\u0107uje vam da ostanete anonimni. Me\u0111utim, jo\u0161 uvijek morate odlu\u010diti biste li se osje\u0107ali ugodno otkrivaju\u0107i odre\u0111ene detalje o sebi.<\/p>\n","protected":false},"excerpt":{"rendered":"<p>Casual dating popularna je opcija za samce koji radije upoznaju nekoga le\u017eerno, a ne odmah ulaze u vezu. Povremene web stranice za upoznavanje nude prikladnu alternativu tradicionalnim uslugama internetskog upoznavanja. Ta web-mjesta \u010dlanovima omogu\u0107uju pregledavanje profila drugih korisnika i slanje poruka potencijalnim podudaranjima. Jedna od prednosti povremenih spojeva u odnosu na konvencionalne internetske spojeve je ta \u0161to ne morate brinuti o postavljanju profila ili tra\u017eenju kompatibilnih partnera. Umjesto toga, samo se prijavite i pri\u010dekajte da vas drugi kontaktiraju. Naravno, povremeni&#8230;<\/p>\n<p class=\"read-more\"><a class=\"btn btn-default\" href=\"https:\/\/pottya.com\/hr\/\"> Read More<span class=\"screen-reader-text\">  Read More<\/span><\/a><\/p>\n","protected":false},"author":1,"featured_media":50,"parent":0,"menu_order":0,"comment_status":"closed","ping_status":"closed","template":"","meta":[],"yoast_head":"<!-- This site is optimized with the Yoast SEO plugin v17.7.1 - https:\/\/yoast.com\/wordpress\/plugins\/seo\/ -->\n<title>Pregledane su web stranice za povremeno spajanje - Casual Dating Finder<\/title>\n<meta name=\"robots\" content=\"index, follow, max-snippet:-1, max-image-preview:large, max-video-preview:-1\" \/>\n<link rel=\"canonical\" href=\"https:\/\/pottya.com\/hr\/\" \/>\n<meta property=\"og:locale\" content=\"hr_HR\" \/>\n<meta property=\"og:type\" content=\"article\" \/>\n<meta property=\"og:title\" content=\"Pregledane su web stranice za povremeno spajanje - Casual Dating Finder\" \/>\n<meta property=\"og:description\" content=\"Casual dating popularna je opcija za samce koji radije upoznaju nekoga le\u017eerno, a ne odmah ulaze u vezu. Povremene web stranice za upoznavanje nude prikladnu alternativu tradicionalnim uslugama internetskog upoznavanja. Ta web-mjesta \u010dlanovima omogu\u0107uju pregledavanje profila drugih korisnika i slanje poruka potencijalnim podudaranjima. Jedna od prednosti povremenih spojeva u odnosu na konvencionalne internetske spojeve je ta \u0161to ne morate brinuti o postavljanju profila ili tra\u017eenju kompatibilnih partnera. Umjesto toga, samo se prijavite i pri\u010dekajte da vas drugi kontaktiraju. Naravno, povremeni... Read More Read More\" \/>\n<meta property=\"og:url\" content=\"https:\/\/pottya.com\/hr\/\" \/>\n<meta property=\"og:site_name\" content=\"Casual Dating Finder\" \/>\n<meta property=\"og:image\" content=\"http:\/\/pottya.com\/wp-content\/uploads\/2022\/09\/find-dates-in-your-area.jpeg\" \/>\n\t<meta property=\"og:image:width\" content=\"1125\" \/>\n\t<meta property=\"og:image:height\" content=\"750\" \/>\n<meta name=\"twitter:card\" content=\"summary_large_image\" \/>\n<meta name=\"twitter:label1\" content=\"Procijenjeno vrijeme \u010ditanja\" \/>\n\t<meta name=\"twitter:data1\" content=\"5 minuta\" \/>\n<script type=\"application\/ld+json\" class=\"yoast-schema-graph\">{\"@context\":\"https:\/\/schema.org\",\"@graph\":[{\"@type\":\"WebSite\",\"@id\":\"https:\/\/pottya.com\/#website\",\"url\":\"https:\/\/pottya.com\/\",\"name\":\"Casual Dating Finder\",\"description\":\"Spajanje na mre\\u017ei\",\"potentialAction\":[{\"@type\":\"SearchAction\",\"target\":{\"@type\":\"EntryPoint\",\"urlTemplate\":\"https:\/\/pottya.com\/?s={search_term_string}\"},\"query-input\":\"required name=search_term_string\"}],\"inLanguage\":\"hr\"},{\"@type\":\"ImageObject\",\"@id\":\"https:\/\/pottya.com\/hr\/#primaryimage\",\"inLanguage\":\"hr\",\"url\":\"https:\/\/pottya.com\/wp-content\/uploads\/2022\/09\/find-dates-in-your-area.jpeg\",\"contentUrl\":\"https:\/\/pottya.com\/wp-content\/uploads\/2022\/09\/find-dates-in-your-area.jpeg\",\"width\":1125,\"height\":750},{\"@type\":\"WebPage\",\"@id\":\"https:\/\/pottya.com\/hr\/#webpage\",\"url\":\"https:\/\/pottya.com\/hr\/\",\"name\":\"Pregledane su web stranice za povremeno spajanje - Casual Dating Finder\",\"isPartOf\":{\"@id\":\"https:\/\/pottya.com\/#website\"},\"primaryImageOfPage\":{\"@id\":\"https:\/\/pottya.com\/hr\/#primaryimage\"},\"datePublished\":\"2022-09-13T10:58:35+00:00\",\"dateModified\":\"2022-09-13T10:58:35+00:00\",\"breadcrumb\":{\"@id\":\"https:\/\/pottya.com\/hr\/#breadcrumb\"},\"inLanguage\":\"hr\",\"potentialAction\":[{\"@type\":\"ReadAction\",\"target\":[\"https:\/\/pottya.com\/hr\/\"]}]},{\"@type\":\"BreadcrumbList\",\"@id\":\"https:\/\/pottya.com\/hr\/#breadcrumb\",\"itemListElement\":[{\"@type\":\"ListItem\",\"position\":1,\"name\":\"Home\",\"item\":\"http:\/\/pottya.com\/hr\/\"},{\"@type\":\"ListItem\",\"position\":2,\"name\":\"Pregledane su web stranice za povremeno spajanje\"}]}]}<\/script>\n<!-- \/ Yoast SEO plugin. -->","yoast_head_json":{"title":"Pregledane su web stranice za povremeno spajanje - Casual Dating Finder","robots":{"index":"index","follow":"follow","max-snippet":"max-snippet:-1","max-image-preview":"max-image-preview:large","max-video-preview":"max-video-preview:-1"},"canonical":"https:\/\/pottya.com\/hr\/","og_locale":"hr_HR","og_type":"article","og_title":"Pregledane su web stranice za povremeno spajanje - Casual Dating Finder","og_description":"Casual dating popularna je opcija za samce koji radije upoznaju nekoga le\u017eerno, a ne odmah ulaze u vezu. Povremene web stranice za upoznavanje nude prikladnu alternativu tradicionalnim uslugama internetskog upoznavanja. Ta web-mjesta \u010dlanovima omogu\u0107uju pregledavanje profila drugih korisnika i slanje poruka potencijalnim podudaranjima. Jedna od prednosti povremenih spojeva u odnosu na konvencionalne internetske spojeve je ta \u0161to ne morate brinuti o postavljanju profila ili tra\u017eenju kompatibilnih partnera. Umjesto toga, samo se prijavite i pri\u010dekajte da vas drugi kontaktiraju. Naravno, povremeni... Read More Read More","og_url":"https:\/\/pottya.com\/hr\/","og_site_name":"Casual Dating Finder","og_image":[{"width":1125,"height":750,"url":"http:\/\/pottya.com\/wp-content\/uploads\/2022\/09\/find-dates-in-your-area.jpeg","type":"image\/jpeg"}],"twitter_card":"summary_large_image","twitter_misc":{"Procijenjeno vrijeme \u010ditanja":"5 minuta"},"schema":{"@context":"https:\/\/schema.org","@graph":[{"@type":"WebSite","@id":"https:\/\/pottya.com\/#website","url":"https:\/\/pottya.com\/","name":"Casual Dating Finder","description":"Spajanje na mre\u017ei","potentialAction":[{"@type":"SearchAction","target":{"@type":"EntryPoint","urlTemplate":"https:\/\/pottya.com\/?s={search_term_string}"},"query-input":"required name=search_term_string"}],"inLanguage":"hr"},{"@type":"ImageObject","@id":"https:\/\/pottya.com\/hr\/#primaryimage","inLanguage":"hr","url":"https:\/\/pottya.com\/wp-content\/uploads\/2022\/09\/find-dates-in-your-area.jpeg","contentUrl":"https:\/\/pottya.com\/wp-content\/uploads\/2022\/09\/find-dates-in-your-area.jpeg","width":1125,"height":750},{"@type":"WebPage","@id":"https:\/\/pottya.com\/hr\/#webpage","url":"https:\/\/pottya.com\/hr\/","name":"Pregledane su web stranice za povremeno spajanje - Casual Dating Finder","isPartOf":{"@id":"https:\/\/pottya.com\/#website"},"primaryImageOfPage":{"@id":"https:\/\/pottya.com\/hr\/#primaryimage"},"datePublished":"2022-09-13T10:58:35+00:00","dateModified":"2022-09-13T10:58:35+00:00","breadcrumb":{"@id":"https:\/\/pottya.com\/hr\/#breadcrumb"},"inLanguage":"hr","potentialAction":[{"@type":"ReadAction","target":["https:\/\/pottya.com\/hr\/"]}]},{"@type":"BreadcrumbList","@id":"https:\/\/pottya.com\/hr\/#breadcrumb","itemListElement":[{"@type":"ListItem","position":1,"name":"Home","item":"http:\/\/pottya.com\/hr\/"},{"@type":"ListItem","position":2,"name":"Pregledane su web stranice za povremeno spajanje"}]}]}},"_links":{"self":[{"href":"https:\/\/pottya.com\/hr\/wp-json\/wp\/v2\/pages\/107"}],"collection":[{"href":"https:\/\/pottya.com\/hr\/wp-json\/wp\/v2\/pages"}],"about":[{"href":"https:\/\/pottya.com\/hr\/wp-json\/wp\/v2\/types\/page"}],"author":[{"embeddable":true,"href":"https:\/\/pottya.com\/hr\/wp-json\/wp\/v2\/users\/1"}],"replies":[{"embeddable":true,"href":"https:\/\/pottya.com\/hr\/wp-json\/wp\/v2\/comments?post=107"}],"version-history":[{"count":0,"href":"https:\/\/pottya.com\/hr\/wp-json\/wp\/v2\/pages\/107\/revisions"}],"wp:featuredmedia":[{"embeddable":true,"href":"https:\/\/pottya.com\/hr\/wp-json\/wp\/v2\/media\/50"}],"wp:attachment":[{"href":"https:\/\/pottya.com\/hr\/wp-json\/wp\/v2\/media?parent=107"}],"curies":[{"name":"wp","href":"https:\/\/api.w.org\/{rel}","templated":true}]}}