{"id":99,"date":"2022-09-13T11:58:35","date_gmt":"2022-09-13T10:58:35","guid":{"rendered":"http:\/\/pottya.com\/casual-hookup-webbplatser-granskade\/"},"modified":"2022-09-13T11:58:35","modified_gmt":"2022-09-13T10:58:35","slug":"casual-hookup-webbplatser-granskade","status":"publish","type":"page","link":"https:\/\/pottya.com\/sv\/","title":{"rendered":"Casual Hookup-webbplatser granskade"},"content":{"rendered":"<p>Casual dating \u00e4r ett popul\u00e4rt alternativ f\u00f6r singlar som f\u00f6redrar att tr\u00e4ffa n\u00e5gon avslappnat snarare \u00e4n att g\u00e5 in i ett f\u00f6rh\u00e5llande direkt. Casual dating webbplatser erbjuder ett bekv\u00e4mt alternativ till traditionella online dating tj\u00e4nster. Dessa webbplatser till\u00e5ter medlemmar att bl\u00e4ddra bland andra anv\u00e4ndares profiler och skicka meddelanden till potentiella matchningar.<\/p>\n<p>En f\u00f6rdel med avslappnad dejting j\u00e4mf\u00f6rt med konventionell online-dejting \u00e4r att du inte beh\u00f6ver oroa dig f\u00f6r att skapa en profil eller s\u00f6ka efter kompatibla partners. Ist\u00e4llet registrerar du dig bara och v\u00e4ntar p\u00e5 att andra ska kontakta dig.<\/p>\n<p>Naturligtvis har avslappnad dejting nackdelar. Ett av de st\u00f6rsta problemen \u00e4r s\u00e4kerheten. Eftersom du inte tr\u00e4ffas ansikte mot ansikte vet du inte mycket om din partner f\u00f6rr\u00e4n du best\u00e4mmer dig f\u00f6r att bli romantiskt involverad. En annan nackdel \u00e4r att avslappnad dejting tenderar att locka yngre medlemmar. Som ett resultat kan du befinna dig omgiven av unga vuxna som \u00e4r mindre erfarna i livet.<\/p>\n<p>Men om du \u00e4r villig att acceptera dessa risker kan avslappnad dejting vara en rolig och sp\u00e4nnande upplevelse. Kom bara ih\u00e5g att vara f\u00f6rsiktig och v\u00e4lj en ansedd tj\u00e4nst.<\/p>\n<h2>V\u00e5r guide f\u00f6r att hitta sex<\/h2>\n<p>Online-anslutningar blir alltmer popul\u00e4ra bland singlar som inte \u00e4r villiga att engagera sig i l\u00e5ngsiktiga relationer. \u00c4ven om det finns gott om webbplatser som tillgodoser specifikt avslappnade m\u00f6ten, finns det ocks\u00e5 m\u00e5nga alternativ tillg\u00e4ngliga f\u00f6r dem som s\u00f6ker ett mer engagerat f\u00f6rh\u00e5llande.<\/p>\n<p>En av de st\u00f6rsta f\u00f6rdelarna med online dating \u00e4r att det g\u00f6r det m\u00f6jligt f\u00f6r m\u00e4nniskor att tr\u00e4ffa andra personligen utan att beh\u00f6va resa l\u00e5nga str\u00e4ckor. Online dating webbplatser erbjuder ett brett utbud av funktioner, inklusive kompatibilitetstester, chattrum och anslagstavlor. Dessa g\u00f6r det m\u00f6jligt f\u00f6r anv\u00e4ndare att kommunicera med varandra och l\u00e4ra sig mer om potentiella partners.<\/p>\n<p>\u00c4ven om dejtingsajter online \u00e4r praktiska kan de ibland k\u00e4nnas opersonliga. En l\u00f6sning \u00e4r att g\u00e5 med i en lokal dejtingtj\u00e4nst. M\u00e5nga st\u00e4der \u00e4r nu v\u00e4rd f\u00f6r evenemang d\u00e4r singlar kan mingla i verkligheten och ansluta \u00f6ver drinkar eller middag. Vissa tj\u00e4nster tillhandah\u00e5ller till och med transport till och fr\u00e5n evenemanget.<\/p>\n<p>Lokala dejtingsajter \u00e4r ett annat alternativ f\u00f6r att tr\u00e4ffa m\u00e4nniskor lokalt. Webbplatser som MeetUp och Tinder fokuserar p\u00e5 att ansluta m\u00e4nniskor baserat p\u00e5 intressen snarare \u00e4n plats. B\u00e5da dessa plattformar l\u00e5ter medlemmar skapa profiler och bl\u00e4ddra bland andra medlemmars profiler. Anv\u00e4ndare kan sedan skicka meddelanden till andra medlemmar som delar liknande intressen.<\/p>\n<p>Det finns flera f\u00f6rdelar med att g\u00e5 med i en lokal dejtingtj\u00e4nst. F\u00f6r det f\u00f6rsta ger det dig m\u00f6jlighet att tr\u00e4ffa m\u00e4nniskor ansikte mot ansikte ist\u00e4llet f\u00f6r att enbart f\u00f6rlita dig p\u00e5 teknik. F\u00f6r det andra kan du bygga meningsfulla kontakter med m\u00e4nniskor som delar gemensamma intressen. Slutligen kan du delta i evenemang i ditt omr\u00e5de och n\u00e4tverka med andra lokalbefolkningen.<\/p>\n<h2>Lokal dejting &#8211; Kan du faktiskt tr\u00e4ffa riktiga singlar?<\/h2>\n<p>Online dating webbplatser blir alltmer popul\u00e4ra bland singlar som vill tr\u00e4ffa n\u00e5gon speciell. Men bara f\u00f6r att n\u00e4tdejting v\u00e4xer i popularitet betyder det inte att det \u00e4r l\u00e4tt att lyckas. Det finns gott om fallgropar p\u00e5 v\u00e4gen som kan leda till besvikelse och frustration.<\/p>\n<p>Till exempel tenderar online dating webbplatser att locka olika typer av m\u00e4nniskor. Vissa letar efter l\u00e5ngsiktiga relationer medan andra bara letar efter avslappnade anslutningar. S\u00e5 om du letar efter k\u00e4rlek kanske du vill prova en webbplats som \u00e4r inriktad p\u00e5 att hitta romantik ist\u00e4llet f\u00f6r att tr\u00e4ffa fr\u00e4mlingar.<\/p>\n<p>Kom ocks\u00e5 ih\u00e5g att online dating webbplatser inte alltid \u00e4r det enklaste st\u00e4llet att tr\u00e4ffa potentiella datum. M\u00e4nniskor \u00e4r upptagna, och ibland k\u00e4nner de inte f\u00f6r att g\u00e5 ut p\u00e5 barer eller klubbar. Online dating webbplatser ger ett bekv\u00e4mt alternativ.<\/p>\n<p>Men online dejtingsajter \u00e4r inte heller perfekta. M\u00e5nga klagar p\u00e5 att de f\u00e5r o\u00f6nskade meddelanden och skr\u00e4ppostmeddelanden. Andra s\u00e4ger att de aldrig h\u00f6r tillbaka efter att ha skickat ett meddelande. Och vissa m\u00e4nniskor rapporterar att de har problem med att navigera p\u00e5 webbplatsens gr\u00e4nssnitt.<\/p>\n<h2>Hur man v\u00e4ljer r\u00e4tt plattform<\/h2>\n<p>Online dating webbplatser blir alltmer popul\u00e4ra bland singlar som vill tr\u00e4ffa n\u00e5gon speciell. \u00c4ven om n\u00e4tdejting kan vara roligt kan det ocks\u00e5 vara sv\u00e5rt att navigera. Det finns m\u00e5nga olika alternativ tillg\u00e4ngliga, och att v\u00e4lja r\u00e4tt kan vara \u00f6verv\u00e4ldigande.<\/p>\n<p>F\u00f6r att hj\u00e4lpa dig att v\u00e4lja r\u00e4tt plattform, h\u00e4r \u00e4r fem tips att t\u00e4nka p\u00e5 n\u00e4r du best\u00e4mmer dig f\u00f6r om du ska prova online dating eller inte.<\/p>\n<h3>1. F\u00f6redrar du att prata ansikte mot ansikte?<\/h3>\n<p>Vissa m\u00e4nniskor tycker om att tr\u00e4ffa potentiella datum personligen, medan andra f\u00f6redrar att kommunicera via sms eller chatt. Om du f\u00f6redrar att tr\u00e4ffa m\u00e4nniskor personligen kanske du vill titta p\u00e5 lokala evenemang eller speed dating-grupper.<\/p>\n<h3>2. \u00c4r du \u00f6ppen f\u00f6r att tr\u00e4ffa nya m\u00e4nniskor?<\/h3>\n<p>Det kan vara skr\u00e4mmande att n\u00e4rma sig fr\u00e4mlingar och presentera dig sj\u00e4lv, s\u00e4rskilt om du inte har gjort det tidigare. Online dating plattformar l\u00e5ter dig ansluta till m\u00e4nniskor baserat p\u00e5 \u00f6msesidiga intressen, snarare \u00e4n bara fysiskt utseende.<\/p>\n<h3>3. Hur mycket tid har du?<\/h3>\n<p>Om du har begr\u00e4nsad tid kan online dating vara ett bra alternativ f\u00f6r dig. M\u00e5nga plattformar erbjuder snabba matchningar, vilket inneb\u00e4r att du kan bl\u00e4ddra bland profiler och skicka meddelanden inom n\u00e5gra minuter.<\/p>\n<h3>4. Vilken typ av relation s\u00f6ker du?<\/h3>\n<p>Det finns flera typer av relationer som m\u00e4nniskor bedriver genom online dating. Vissa m\u00e4nniskor letar efter avslappnade flings, medan andra \u00e4r intresserade av l\u00e5ngsiktiga relationer. Innan du registrerar dig f\u00f6r en plattform, ta reda p\u00e5 vilken typ av relation du vill ha.<\/p>\n<h3>5. \u00c4r integritet viktigt f\u00f6r dig?<\/h3>\n<p>M\u00e5nga oroar sig f\u00f6r att dela personuppgifter p\u00e5 offentliga plattformar, men online-dejting l\u00e5ter dig vara anonym. Du m\u00e5ste dock fortfarande best\u00e4mma om du k\u00e4nner dig bekv\u00e4m med att avsl\u00f6ja vissa detaljer om dig sj\u00e4lv.<\/p>\n","protected":false},"excerpt":{"rendered":"<p>Casual dating \u00e4r ett popul\u00e4rt alternativ f\u00f6r singlar som f\u00f6redrar att tr\u00e4ffa n\u00e5gon avslappnat snarare \u00e4n att g\u00e5 in i ett f\u00f6rh\u00e5llande direkt. Casual dating webbplatser erbjuder ett bekv\u00e4mt alternativ till traditionella online dating tj\u00e4nster. Dessa webbplatser till\u00e5ter medlemmar att bl\u00e4ddra bland andra anv\u00e4ndares profiler och skicka meddelanden till potentiella matchningar. En f\u00f6rdel med avslappnad dejting j\u00e4mf\u00f6rt med konventionell online-dejting \u00e4r att du inte beh\u00f6ver oroa dig f\u00f6r att skapa en profil eller s\u00f6ka efter kompatibla partners. Ist\u00e4llet registrerar du&#8230;<\/p>\n<p class=\"read-more\"><a class=\"btn btn-default\" href=\"https:\/\/pottya.com\/sv\/\">L\u00e4s mer<span class=\"screen-reader-text\"> L\u00e4s mer<\/span><\/a><\/p>\n","protected":false},"author":1,"featured_media":59,"parent":0,"menu_order":0,"comment_status":"closed","ping_status":"closed","template":"","meta":[],"yoast_head":"<!-- This site is optimized with the Yoast SEO plugin v17.7.1 - https:\/\/yoast.com\/wordpress\/plugins\/seo\/ -->\n<title>Casual Hookup-webbplatser granskade - Casual Dating Finder<\/title>\n<meta name=\"robots\" content=\"index, follow, max-snippet:-1, max-image-preview:large, max-video-preview:-1\" \/>\n<link rel=\"canonical\" href=\"https:\/\/pottya.com\/sv\/\" \/>\n<meta property=\"og:locale\" content=\"sv_SE\" \/>\n<meta property=\"og:type\" content=\"article\" \/>\n<meta property=\"og:title\" content=\"Casual Hookup-webbplatser granskade - Casual Dating Finder\" \/>\n<meta property=\"og:description\" content=\"Casual dating \u00e4r ett popul\u00e4rt alternativ f\u00f6r singlar som f\u00f6redrar att tr\u00e4ffa n\u00e5gon avslappnat snarare \u00e4n att g\u00e5 in i ett f\u00f6rh\u00e5llande direkt. Casual dating webbplatser erbjuder ett bekv\u00e4mt alternativ till traditionella online dating tj\u00e4nster. Dessa webbplatser till\u00e5ter medlemmar att bl\u00e4ddra bland andra anv\u00e4ndares profiler och skicka meddelanden till potentiella matchningar. En f\u00f6rdel med avslappnad dejting j\u00e4mf\u00f6rt med konventionell online-dejting \u00e4r att du inte beh\u00f6ver oroa dig f\u00f6r att skapa en profil eller s\u00f6ka efter kompatibla partners. Ist\u00e4llet registrerar du...L\u00e4s mer L\u00e4s mer\" \/>\n<meta property=\"og:url\" content=\"https:\/\/pottya.com\/sv\/\" \/>\n<meta property=\"og:site_name\" content=\"Casual Dating Finder\" \/>\n<meta property=\"og:image\" content=\"http:\/\/pottya.com\/wp-content\/uploads\/2022\/09\/find-dates-in-your-area.jpeg\" \/>\n\t<meta property=\"og:image:width\" content=\"1125\" \/>\n\t<meta property=\"og:image:height\" content=\"750\" \/>\n<meta name=\"twitter:card\" content=\"summary_large_image\" \/>\n<meta name=\"twitter:label1\" content=\"Ber\u00e4knad l\u00e4stid\" \/>\n\t<meta name=\"twitter:data1\" content=\"6 minuter\" \/>\n<script type=\"application\/ld+json\" class=\"yoast-schema-graph\">{\"@context\":\"https:\/\/schema.org\",\"@graph\":[{\"@type\":\"WebSite\",\"@id\":\"https:\/\/pottya.com\/#website\",\"url\":\"https:\/\/pottya.com\/\",\"name\":\"Casual Dating Finder\",\"description\":\"Anslutningar online\",\"potentialAction\":[{\"@type\":\"SearchAction\",\"target\":{\"@type\":\"EntryPoint\",\"urlTemplate\":\"https:\/\/pottya.com\/?s={search_term_string}\"},\"query-input\":\"required name=search_term_string\"}],\"inLanguage\":\"sv-SE\"},{\"@type\":\"ImageObject\",\"@id\":\"https:\/\/pottya.com\/sv\/#primaryimage\",\"inLanguage\":\"sv-SE\",\"url\":\"https:\/\/pottya.com\/wp-content\/uploads\/2022\/09\/find-dates-in-your-area.jpeg\",\"contentUrl\":\"https:\/\/pottya.com\/wp-content\/uploads\/2022\/09\/find-dates-in-your-area.jpeg\",\"width\":1125,\"height\":750},{\"@type\":\"WebPage\",\"@id\":\"https:\/\/pottya.com\/sv\/#webpage\",\"url\":\"https:\/\/pottya.com\/sv\/\",\"name\":\"Casual Hookup-webbplatser granskade - Casual Dating Finder\",\"isPartOf\":{\"@id\":\"https:\/\/pottya.com\/#website\"},\"primaryImageOfPage\":{\"@id\":\"https:\/\/pottya.com\/sv\/#primaryimage\"},\"datePublished\":\"2022-09-13T10:58:35+00:00\",\"dateModified\":\"2022-09-13T10:58:35+00:00\",\"breadcrumb\":{\"@id\":\"https:\/\/pottya.com\/sv\/#breadcrumb\"},\"inLanguage\":\"sv-SE\",\"potentialAction\":[{\"@type\":\"ReadAction\",\"target\":[\"https:\/\/pottya.com\/sv\/\"]}]},{\"@type\":\"BreadcrumbList\",\"@id\":\"https:\/\/pottya.com\/sv\/#breadcrumb\",\"itemListElement\":[{\"@type\":\"ListItem\",\"position\":1,\"name\":\"Home\",\"item\":\"http:\/\/pottya.com\/sv\/\"},{\"@type\":\"ListItem\",\"position\":2,\"name\":\"Casual Hookup-webbplatser granskade\"}]}]}<\/script>\n<!-- \/ Yoast SEO plugin. -->","yoast_head_json":{"title":"Casual Hookup-webbplatser granskade - Casual Dating Finder","robots":{"index":"index","follow":"follow","max-snippet":"max-snippet:-1","max-image-preview":"max-image-preview:large","max-video-preview":"max-video-preview:-1"},"canonical":"https:\/\/pottya.com\/sv\/","og_locale":"sv_SE","og_type":"article","og_title":"Casual Hookup-webbplatser granskade - Casual Dating Finder","og_description":"Casual dating \u00e4r ett popul\u00e4rt alternativ f\u00f6r singlar som f\u00f6redrar att tr\u00e4ffa n\u00e5gon avslappnat snarare \u00e4n att g\u00e5 in i ett f\u00f6rh\u00e5llande direkt. Casual dating webbplatser erbjuder ett bekv\u00e4mt alternativ till traditionella online dating tj\u00e4nster. Dessa webbplatser till\u00e5ter medlemmar att bl\u00e4ddra bland andra anv\u00e4ndares profiler och skicka meddelanden till potentiella matchningar. En f\u00f6rdel med avslappnad dejting j\u00e4mf\u00f6rt med konventionell online-dejting \u00e4r att du inte beh\u00f6ver oroa dig f\u00f6r att skapa en profil eller s\u00f6ka efter kompatibla partners. Ist\u00e4llet registrerar du...L\u00e4s mer L\u00e4s mer","og_url":"https:\/\/pottya.com\/sv\/","og_site_name":"Casual Dating Finder","og_image":[{"width":1125,"height":750,"url":"http:\/\/pottya.com\/wp-content\/uploads\/2022\/09\/find-dates-in-your-area.jpeg","type":"image\/jpeg"}],"twitter_card":"summary_large_image","twitter_misc":{"Ber\u00e4knad l\u00e4stid":"6 minuter"},"schema":{"@context":"https:\/\/schema.org","@graph":[{"@type":"WebSite","@id":"https:\/\/pottya.com\/#website","url":"https:\/\/pottya.com\/","name":"Casual Dating Finder","description":"Anslutningar online","potentialAction":[{"@type":"SearchAction","target":{"@type":"EntryPoint","urlTemplate":"https:\/\/pottya.com\/?s={search_term_string}"},"query-input":"required name=search_term_string"}],"inLanguage":"sv-SE"},{"@type":"ImageObject","@id":"https:\/\/pottya.com\/sv\/#primaryimage","inLanguage":"sv-SE","url":"https:\/\/pottya.com\/wp-content\/uploads\/2022\/09\/find-dates-in-your-area.jpeg","contentUrl":"https:\/\/pottya.com\/wp-content\/uploads\/2022\/09\/find-dates-in-your-area.jpeg","width":1125,"height":750},{"@type":"WebPage","@id":"https:\/\/pottya.com\/sv\/#webpage","url":"https:\/\/pottya.com\/sv\/","name":"Casual Hookup-webbplatser granskade - Casual Dating Finder","isPartOf":{"@id":"https:\/\/pottya.com\/#website"},"primaryImageOfPage":{"@id":"https:\/\/pottya.com\/sv\/#primaryimage"},"datePublished":"2022-09-13T10:58:35+00:00","dateModified":"2022-09-13T10:58:35+00:00","breadcrumb":{"@id":"https:\/\/pottya.com\/sv\/#breadcrumb"},"inLanguage":"sv-SE","potentialAction":[{"@type":"ReadAction","target":["https:\/\/pottya.com\/sv\/"]}]},{"@type":"BreadcrumbList","@id":"https:\/\/pottya.com\/sv\/#breadcrumb","itemListElement":[{"@type":"ListItem","position":1,"name":"Home","item":"http:\/\/pottya.com\/sv\/"},{"@type":"ListItem","position":2,"name":"Casual Hookup-webbplatser granskade"}]}]}},"_links":{"self":[{"href":"https:\/\/pottya.com\/sv\/wp-json\/wp\/v2\/pages\/99"}],"collection":[{"href":"https:\/\/pottya.com\/sv\/wp-json\/wp\/v2\/pages"}],"about":[{"href":"https:\/\/pottya.com\/sv\/wp-json\/wp\/v2\/types\/page"}],"author":[{"embeddable":true,"href":"https:\/\/pottya.com\/sv\/wp-json\/wp\/v2\/users\/1"}],"replies":[{"embeddable":true,"href":"https:\/\/pottya.com\/sv\/wp-json\/wp\/v2\/comments?post=99"}],"version-history":[{"count":0,"href":"https:\/\/pottya.com\/sv\/wp-json\/wp\/v2\/pages\/99\/revisions"}],"wp:featuredmedia":[{"embeddable":true,"href":"https:\/\/pottya.com\/sv\/wp-json\/wp\/v2\/media\/59"}],"wp:attachment":[{"href":"https:\/\/pottya.com\/sv\/wp-json\/wp\/v2\/media?parent=99"}],"curies":[{"name":"wp","href":"https:\/\/api.w.org\/{rel}","templated":true}]}}